{"id":57,"date":"2026-02-09T14:10:43","date_gmt":"2026-02-09T13:10:43","guid":{"rendered":"http:\/\/172.16.20.118\/reserfy\/?page_id=57"},"modified":"2026-02-09T14:22:39","modified_gmt":"2026-02-09T13:22:39","slug":"contacto","status":"publish","type":"page","link":"https:\/\/reserfy.juanmarosado-server.duckdns.org\/index.php\/contacto\/","title":{"rendered":"Contacto"},"content":{"rendered":"\n<p>\u00bfTienes dudas o quieres m\u00e1s informaci\u00f3n? Escr\u00edbenos y te responderemos r\u00e1pidamente.<\/p>\n\n\n\n<hr class=\"wp-block-separator has-alpha-channel-opacity is-style-wide\"\/>\n\n\n\n<div style=\"height:60px\" aria-hidden=\"true\" class=\"wp-block-spacer\"><\/div>\n\n\n\n<p class=\"has-ast-global-color-2-color has-text-color has-link-color wp-elements-a1942f6752a073fff04d4cf96f6575d6\" style=\"font-size:30px\">Datos de contacto<\/p>\n\n\n\n<p><strong>Direcci\u00f3n:<\/strong><br>Av. de Isaac Peral \u2013 M\u00e1laga, Espa\u00f1a<\/p>\n\n\n\n<p><strong>Tel\u00e9fono:<\/strong><br>+34 600 123 456<\/p>\n\n\n\n<p><strong>Correo electr\u00f3nico:<\/strong><br><a href=\"mailto:contacto@reserfy.com\">contacto@reserfy.com<\/a><\/p>\n\n\n\n<p><strong>Horario de atenci\u00f3n:<\/strong><br>Lunes a Viernes: 9:00 \u2013 14:00<br>S\u00e1bados: 10:00 \u2013 13:00<\/p>\n\n\n\n<hr class=\"wp-block-separator has-alpha-channel-opacity\"\/>\n\n\n\n<p class=\"has-ast-global-color-2-color has-text-color has-link-color wp-elements-1fe2ac80b3131b6721ee8bea847e2b65\" style=\"font-size:30px\">D\u00f3nde estamos<\/p>\n\n\n\n<p>Encuentra nuestra oficina f\u00e1cilmente en el mapa. Esta ubicaci\u00f3n es de referencia para demostraciones y consultas.<\/p>\n\n\n\n<iframe src=\"https:\/\/www.google.com\/maps\/embed?pb=!1m14!1m12!1m3!1d672.5283701249458!2d-4.457277161673851!3d36.696084563507696!2m3!1f0!2f0!3f0!3m2!1i1024!2i768!4f13.1!5e0!3m2!1ses!2ses!4v1770643056141!5m2!1ses!2ses\" width=\"600\" height=\"450\" style=\"border:0;\" allowfullscreen=\"\" loading=\"lazy\" referrerpolicy=\"no-referrer-when-downgrade\"><\/iframe>\n\n\n\n<p><\/p>\n\n\n\n<hr class=\"wp-block-separator has-alpha-channel-opacity\"\/>\n\n\n\n<p class=\"has-text-align-center has-ast-global-color-2-color has-text-color has-link-color wp-elements-b9648bd64dfe03cfb5e4e58c6143144a\" style=\"font-size:30px\">\u00bfListo para optimizar las reservas de tu restaurante?<\/p>\n\n\n\n<p><\/p>\n","protected":false},"excerpt":{"rendered":"<p>\u00bfTienes dudas o quieres m\u00e1s informaci\u00f3n? Escr\u00edbenos y te responderemos r\u00e1pidamente. Datos de contacto Direcci\u00f3n:Av. de Isaac Peral \u2013 M\u00e1laga, [&hellip;]<\/p>\n","protected":false},"author":2,"featured_media":0,"parent":0,"menu_order":0,"comment_status":"closed","ping_status":"closed","template":"","meta":{"site-sidebar-layout":"default","site-content-layout":"","ast-site-content-layout":"default","site-content-style":"default","site-sidebar-style":"default","ast-global-header-display":"","ast-banner-title-visibility":"","ast-main-header-display":"","ast-hfb-above-header-display":"","ast-hfb-below-header-display":"","ast-hfb-mobile-header-display":"","site-post-title":"","ast-breadcrumbs-content":"","ast-featured-img":"","footer-sml-layout":"","ast-disable-related-posts":"","theme-transparent-header-meta":"","adv-header-id-meta":"","stick-header-meta":"","header-above-stick-meta":"","header-main-stick-meta":"","header-below-stick-meta":"","astra-migrate-meta-layouts":"default","ast-page-background-enabled":"default","ast-page-background-meta":{"desktop":{"background-color":"var(--ast-global-color-5)","background-image":"","background-repeat":"repeat","background-position":"center center","background-size":"auto","background-attachment":"scroll","background-type":"","background-media":"","overlay-type":"","overlay-color":"","overlay-opacity":"","overlay-gradient":""},"tablet":{"background-color":"","background-image":"","background-repeat":"repeat","background-position":"center center","background-size":"auto","background-attachment":"scroll","background-type":"","background-media":"","overlay-type":"","overlay-color":"","overlay-opacity":"","overlay-gradient":""},"mobile":{"background-color":"","background-image":"","background-repeat":"repeat","background-position":"center center","background-size":"auto","background-attachment":"scroll","background-type":"","background-media":"","overlay-type":"","overlay-color":"","overlay-opacity":"","overlay-gradient":""}},"ast-content-background-meta":{"desktop":{"background-color":"var(--ast-global-color-4)","background-image":"","background-repeat":"repeat","background-position":"center center","background-size":"auto","background-attachment":"scroll","background-type":"","background-media":"","overlay-type":"","overlay-color":"","overlay-opacity":"","overlay-gradient":""},"tablet":{"background-color":"var(--ast-global-color-4)","background-image":"","background-repeat":"repeat","background-position":"center center","background-size":"auto","background-attachment":"scroll","background-type":"","background-media":"","overlay-type":"","overlay-color":"","overlay-opacity":"","overlay-gradient":""},"mobile":{"background-color":"var(--ast-global-color-4)","background-image":"","background-repeat":"repeat","background-position":"center center","background-size":"auto","background-attachment":"scroll","background-type":"","background-media":"","overlay-type":"","overlay-color":"","overlay-opacity":"","overlay-gradient":""}},"footnotes":""},"class_list":["post-57","page","type-page","status-publish","hentry"],"_links":{"self":[{"href":"https:\/\/reserfy.juanmarosado-server.duckdns.org\/index.php\/wp-json\/wp\/v2\/pages\/57","targetHints":{"allow":["GET"]}}],"collection":[{"href":"https:\/\/reserfy.juanmarosado-server.duckdns.org\/index.php\/wp-json\/wp\/v2\/pages"}],"about":[{"href":"https:\/\/reserfy.juanmarosado-server.duckdns.org\/index.php\/wp-json\/wp\/v2\/types\/page"}],"author":[{"embeddable":true,"href":"https:\/\/reserfy.juanmarosado-server.duckdns.org\/index.php\/wp-json\/wp\/v2\/users\/2"}],"replies":[{"embeddable":true,"href":"https:\/\/reserfy.juanmarosado-server.duckdns.org\/index.php\/wp-json\/wp\/v2\/comments?post=57"}],"version-history":[{"count":3,"href":"https:\/\/reserfy.juanmarosado-server.duckdns.org\/index.php\/wp-json\/wp\/v2\/pages\/57\/revisions"}],"predecessor-version":[{"id":65,"href":"https:\/\/reserfy.juanmarosado-server.duckdns.org\/index.php\/wp-json\/wp\/v2\/pages\/57\/revisions\/65"}],"wp:attachment":[{"href":"https:\/\/reserfy.juanmarosado-server.duckdns.org\/index.php\/wp-json\/wp\/v2\/media?parent=57"}],"curies":[{"name":"wp","href":"https:\/\/api.w.org\/{rel}","templated":true}]}}